{"id":102,"date":"2021-06-02T10:39:29","date_gmt":"2021-06-02T10:39:29","guid":{"rendered":"http:\/\/tesyarisma.org\/2022_1\/services\/"},"modified":"2022-08-28T09:46:36","modified_gmt":"2022-08-28T09:46:36","slug":"degerlendirme","status":"publish","type":"page","link":"https:\/\/tesyarisma.org\/2022_1\/degerlendirme\/","title":{"rendered":"De\u011ferlendirme"},"content":{"rendered":"\n\n\n<h4>Yar\u0131\u015fma sonu\u00e7lar\u0131n\u0131 g\u00f6rmek i\u00e7in l\u00fctfen t\u0131klay\u0131n\u0131z<\/h4>\n<h4>De\u011ferlendirme ve De\u011ferlendirme Kriterleri<\/h4>\nSe\u00e7ici Kurul 1 May\u0131s 2022 tarihinde saat 10:00\u2019da \u00e7al\u0131\u015fmalar\u0131na ba\u015flayacak, rumuz, eser ba\u015fl\u0131\u011f\u0131 ve eserin kendisinin bilgilerine ula\u015fabildikleri bir sistem \u00fczerinden \u015fiirleri de\u011ferlendirecek; de\u011ferlendirmenin bitmesinin ard\u0131ndan puan s\u0131ralamas\u0131na g\u00f6re \u00f6d\u00fcle de\u011fer eserleri belirleyecektir. 10 May\u0131s 2022 tarihinde sonu\u00e7lar ilan edilecektir.\n<p><b>\u015eartnameye Uygunluk:<\/b><\/p><p>Temel kriterlere uygun olmayan An\u0131lar de\u011ferlendirmeye al\u0131nmadan elenecektir.<\/p>\n<p>T\u00fcrk\u00e7eyi Kullanma&nbsp; &nbsp; &nbsp; &nbsp; &nbsp; &nbsp; &nbsp; &nbsp; &nbsp; &nbsp; &nbsp; &nbsp; &nbsp; &nbsp; &nbsp; &nbsp; &nbsp; &nbsp; &nbsp; &nbsp; &nbsp; &nbsp; &nbsp; &nbsp; &nbsp; &nbsp; &nbsp; &nbsp; &nbsp; &nbsp; &nbsp; &nbsp; &nbsp; :10 Puan<br><\/p><p>\u00c7a\u011fr\u0131\u015f\u0131m De\u011feri&nbsp; &nbsp; &nbsp; &nbsp; &nbsp; &nbsp; &nbsp; &nbsp; &nbsp; &nbsp; &nbsp; &nbsp; &nbsp; &nbsp; &nbsp; &nbsp; &nbsp; &nbsp; &nbsp; &nbsp; &nbsp; &nbsp; &nbsp; &nbsp; &nbsp; &nbsp; &nbsp; &nbsp; &nbsp; &nbsp; &nbsp; &nbsp; &nbsp; &nbsp; &nbsp; &nbsp; :15 Puan<\/p><p>Ahenk De\u011feri&nbsp; &nbsp; &nbsp; &nbsp; &nbsp; &nbsp; &nbsp; &nbsp; &nbsp; &nbsp; &nbsp; &nbsp; &nbsp; &nbsp; &nbsp; &nbsp; &nbsp; &nbsp; &nbsp; &nbsp; &nbsp; &nbsp; &nbsp; &nbsp; &nbsp; &nbsp; &nbsp; &nbsp; &nbsp; &nbsp; &nbsp; &nbsp; &nbsp; &nbsp; &nbsp; &nbsp; &nbsp; &nbsp; &nbsp;:15 Puan<\/p><p>B\u00fct\u00fcnl\u00fck&nbsp; &nbsp; &nbsp; &nbsp; &nbsp; &nbsp; &nbsp; &nbsp; &nbsp; &nbsp; &nbsp; &nbsp; &nbsp; &nbsp; &nbsp; &nbsp; &nbsp; &nbsp; &nbsp; &nbsp; &nbsp; &nbsp; &nbsp; &nbsp; &nbsp; &nbsp; &nbsp; &nbsp; &nbsp; &nbsp; &nbsp; &nbsp; &nbsp; &nbsp; &nbsp; &nbsp; &nbsp; &nbsp; &nbsp; &nbsp; &nbsp; &nbsp; &nbsp; :15 Puan<\/p><p>S\u00f6zc\u00fck Uyumu&nbsp; &nbsp; &nbsp; &nbsp; &nbsp; &nbsp; &nbsp; &nbsp; &nbsp; &nbsp; &nbsp; &nbsp; &nbsp; &nbsp; &nbsp; &nbsp; &nbsp; &nbsp; &nbsp; &nbsp; &nbsp; &nbsp; &nbsp; &nbsp; &nbsp; &nbsp; &nbsp; &nbsp; &nbsp; &nbsp; &nbsp; &nbsp; &nbsp; &nbsp; &nbsp; &nbsp; &nbsp; :15 Puan<\/p><p>Ba\u015fl\u0131k Uyumu&nbsp; &nbsp; &nbsp; &nbsp; &nbsp; &nbsp; &nbsp; &nbsp; &nbsp; &nbsp; &nbsp; &nbsp; &nbsp; &nbsp; &nbsp; &nbsp; &nbsp; &nbsp; &nbsp; &nbsp; &nbsp; &nbsp; &nbsp; &nbsp; &nbsp; &nbsp; &nbsp; &nbsp; &nbsp; &nbsp; &nbsp; &nbsp; &nbsp; &nbsp; &nbsp; &nbsp; &nbsp; &nbsp; &nbsp;:10 Puan<\/p><p>Yaz\u0131m ve Noktalama&nbsp; &nbsp; &nbsp; &nbsp; &nbsp; &nbsp; &nbsp; &nbsp; &nbsp; &nbsp; &nbsp; &nbsp; &nbsp; &nbsp; &nbsp; &nbsp; &nbsp; &nbsp; &nbsp; &nbsp; &nbsp; &nbsp; &nbsp; &nbsp; &nbsp; &nbsp; &nbsp; &nbsp; &nbsp; &nbsp; &nbsp; &nbsp; :10&nbsp; Puan<\/p><p>Makul \u00d6l\u00e7\u00fclerde Duygu ve Anlam\u0131 \u0130fade Edebilmek&nbsp; :10 Puan<\/p><p>Toplam&nbsp; &nbsp; &nbsp; &nbsp; &nbsp; &nbsp; &nbsp; &nbsp; &nbsp; &nbsp; &nbsp; &nbsp; &nbsp; &nbsp; &nbsp; &nbsp; &nbsp; &nbsp; &nbsp; &nbsp; &nbsp; &nbsp; &nbsp; &nbsp; &nbsp; &nbsp; &nbsp; &nbsp; &nbsp; &nbsp; &nbsp; &nbsp; &nbsp; &nbsp; &nbsp; &nbsp; &nbsp; &nbsp; &nbsp; &nbsp; &nbsp; &nbsp; &nbsp; &nbsp; &nbsp; :100 Puan<\/p>\nDe\u011ferlendirme sonucunda en y\u00fcksek puanl\u0131 eserden ba\u015flanarak s\u0131ralama belirlenecektir. Ayn\u0131 puanl\u0131 \u015fiirlerin olmas\u0131 durumunda J\u00fcri bu mar\u015f s\u00f6zleri aras\u0131nda ikinci bir de\u011ferlendirme yapacak, gerekti\u011finde mansiyon veya j\u00fcri \u00f6zel \u00f6d\u00fcl\u00fc gibi \u00f6d\u00fcller verme yoluna gidebilecektir\n\n\n","protected":false},"excerpt":{"rendered":"","protected":false},"author":1,"featured_media":0,"parent":0,"menu_order":0,"comment_status":"closed","ping_status":"closed","template":"","meta":{"footnotes":""},"class_list":["post-102","page","type-page","status-publish","hentry"],"_links":{"self":[{"href":"https:\/\/tesyarisma.org\/2022_1\/wp-json\/wp\/v2\/pages\/102","targetHints":{"allow":["GET"]}}],"collection":[{"href":"https:\/\/tesyarisma.org\/2022_1\/wp-json\/wp\/v2\/pages"}],"about":[{"href":"https:\/\/tesyarisma.org\/2022_1\/wp-json\/wp\/v2\/types\/page"}],"author":[{"embeddable":true,"href":"https:\/\/tesyarisma.org\/2022_1\/wp-json\/wp\/v2\/users\/1"}],"replies":[{"embeddable":true,"href":"https:\/\/tesyarisma.org\/2022_1\/wp-json\/wp\/v2\/comments?post=102"}],"version-history":[{"count":10,"href":"https:\/\/tesyarisma.org\/2022_1\/wp-json\/wp\/v2\/pages\/102\/revisions"}],"predecessor-version":[{"id":279,"href":"https:\/\/tesyarisma.org\/2022_1\/wp-json\/wp\/v2\/pages\/102\/revisions\/279"}],"wp:attachment":[{"href":"https:\/\/tesyarisma.org\/2022_1\/wp-json\/wp\/v2\/media?parent=102"}],"curies":[{"name":"wp","href":"https:\/\/api.w.org\/{rel}","templated":true}]}}