{"id":108,"date":"2021-06-02T10:46:07","date_gmt":"2021-06-02T10:46:07","guid":{"rendered":"http:\/\/tesyarisma.org\/2022_1\/services\/"},"modified":"2022-02-03T17:46:47","modified_gmt":"2022-02-03T17:46:47","slug":"odul","status":"publish","type":"page","link":"https:\/\/tesyarisma.org\/2022_1\/odul\/","title":{"rendered":"\u00d6d\u00fcl"},"content":{"rendered":"\n\n\n<h4>\u00d6d\u00fcl<\/h4>\n<p>Birincilik \u00f6d\u00fcl\u00fc: 15 bin TL&nbsp;<\/p><p>\u0130kincilik \u00f6d\u00fcl\u00fc: 10 bin TL&nbsp;<\/p><p>\u00dc\u00e7\u00fcnc\u00fcl\u00fck \u00f6d\u00fcl\u00fc: 5 bin TL<\/p>\n\u00d6d\u00fcllerin t\u00f6renle verilmesi planlanmaktad\u0131r. \u00d6d\u00fcl t\u00f6reninin tarihi ve yeri daha sonra sendikam\u0131zca duyurulacakt\u0131r. Dereceye giren ve engelli olan kat\u0131l\u0131mc\u0131lar\u0131n \u00f6d\u00fcl t\u00f6renine kat\u0131l\u0131m\u0131 i\u00e7in her t\u00fcrl\u00fc tedbir al\u0131nacakt\u0131r. \u00d6d\u00fcl t\u00f6renine kat\u0131lacak olanlar\u0131n yol ve konaklama \u00fccreti sendikam\u0131z taraf\u0131ndan kar\u015f\u0131lanacakt\u0131r. Ancak Covid-19 K\u00fcresel salg\u0131n\u0131 sebebiyle t\u00f6ren yapma imk\u00e2n\u0131 olmaz ise dereceye giren yar\u0131\u015fmac\u0131lara \u00f6d\u00fclleri ayr\u0131 ayr\u0131 takdim edilecektir.\n\n\n","protected":false},"excerpt":{"rendered":"","protected":false},"author":1,"featured_media":0,"parent":0,"menu_order":0,"comment_status":"closed","ping_status":"closed","template":"","meta":{"footnotes":""},"class_list":["post-108","page","type-page","status-publish","hentry"],"_links":{"self":[{"href":"https:\/\/tesyarisma.org\/2022_1\/wp-json\/wp\/v2\/pages\/108","targetHints":{"allow":["GET"]}}],"collection":[{"href":"https:\/\/tesyarisma.org\/2022_1\/wp-json\/wp\/v2\/pages"}],"about":[{"href":"https:\/\/tesyarisma.org\/2022_1\/wp-json\/wp\/v2\/types\/page"}],"author":[{"embeddable":true,"href":"https:\/\/tesyarisma.org\/2022_1\/wp-json\/wp\/v2\/users\/1"}],"replies":[{"embeddable":true,"href":"https:\/\/tesyarisma.org\/2022_1\/wp-json\/wp\/v2\/comments?post=108"}],"version-history":[{"count":8,"href":"https:\/\/tesyarisma.org\/2022_1\/wp-json\/wp\/v2\/pages\/108\/revisions"}],"predecessor-version":[{"id":267,"href":"https:\/\/tesyarisma.org\/2022_1\/wp-json\/wp\/v2\/pages\/108\/revisions\/267"}],"wp:attachment":[{"href":"https:\/\/tesyarisma.org\/2022_1\/wp-json\/wp\/v2\/media?parent=108"}],"curies":[{"name":"wp","href":"https:\/\/api.w.org\/{rel}","templated":true}]}}