{"id":130,"date":"2021-06-02T11:26:58","date_gmt":"2021-06-02T11:26:58","guid":{"rendered":"http:\/\/tesyarisma.org\/2022_1\/about\/"},"modified":"2022-02-03T17:44:59","modified_gmt":"2022-02-03T17:44:59","slug":"arsiv","status":"publish","type":"page","link":"https:\/\/tesyarisma.org\/2022_1\/arsiv\/","title":{"rendered":"Ar\u015fiv"},"content":{"rendered":"\n\n\n<h3>Ar\u015fiv<\/h3>\n<p>Daha \u00f6nceki y\u0131llarda T\u00fcrk E\u011fitim-Sen Genel Merkezi taraf\u0131ndan d\u00fczenlenen yar\u0131\u015fma bilgilerine a\u015fa\u011f\u0131daki sayfa linklerinden ula\u015fabilirsiniz.<\/p>\n<a href=\"https:\/\/www.turkegitimsen.org.tr\/icerik_goster.php?Id=13809\"><p><o:p>&nbsp;<\/o:p>&nbsp;<\/p><p><span>\u00d6\u011eRETMENLER\nG\u00dcN\u00dc ANISINA \u015e\u0130\u0130R VE RES\u0130M YARI\u015eMASI DUYURUSU (21 Kas\u0131m 2005)<o:p><\/o:p><\/span><\/p><\/a><p><a href=\"https:\/\/www.turkegitimsen.org.tr\/icerik_goster.php?Id=13809\"><span><\/span><\/a><a href=\"https:\/\/www.turkegitimsen.org.tr\/icerik_goster.php?Id=297\">https:\/\/www.turkegitimsen.org.tr\/icerik_goster.php?Id=297<\/a><o:p><\/o:p><\/p><p><span>&nbsp;<\/span><\/p><p><span>&nbsp;<\/span>T\u00dcRK E\u011e\u0130T\u0130M\nSEN 17. KURULU\u015e YILD\u00d6N\u00dcM\u00dc ANISINA RES\u0130M, \u015e\u0130\u0130R VE MAKALE YARI\u015eMASI SONU\u00c7LARI (9\n\u015eubat 2009 \u2013 26 Haziran 2009)<\/p><p><span><a href=\"https:\/\/www.turkegitimsen.org.tr\/icerik_goster.php?Id=4390\">https:\/\/www.turkegitimsen.org.tr\/icerik_goster.php?Id=4390<\/a><\/span><o:p><\/o:p><\/p><p><o:p>&nbsp;<\/o:p>&nbsp;<\/p><p>Y\u00dcZYILLIK DESTAN \u00c7ANAKKALE \u015e\u0130\u0130R VE RES\u0130M YARI\u015eMASI <o:p><\/o:p><\/p><p>DUYURUSU 21 Ekim 2014 \u2013 6 \u015eubat 2015)<o:p><\/o:p><\/p><p><span><a href=\"https:\/\/www.turkegitimsen.org.tr\/icerik_goster.php?Id=5946\">https:\/\/www.turkegitimsen.org.tr\/icerik_goster.php?Id=5946<\/a><o:p><\/o:p><\/span><\/p><p><span><span>RES\u0130M YARI\u015eMASI\nSONU\u00c7LARI<\/span><\/span><span><o:p><\/o:p><\/span><\/p><p><span><a href=\"https:\/\/www.turkegitimsen.org.tr\/icerik_goster.php?Id=8639\">https:\/\/www.turkegitimsen.org.tr\/icerik_goster.php?Id=8639<\/a><o:p><\/o:p><\/span><\/p><p><span><span>\u015e\u0130\u0130R YARI\u015eMASI\nSONU\u00c7LARI<\/span><\/span><span><o:p><\/o:p><\/span><\/p><p><span><a href=\"https:\/\/www.turkegitimsen.org.tr\/icerik_goster.php?Id=8646\">https:\/\/www.turkegitimsen.org.tr\/icerik_goster.php?Id=8646<\/a><o:p><\/o:p><\/span><\/p><p><span>&nbsp;<\/span><\/p><p><span>&nbsp;<\/span><b>\u201c\u0130ST\u0130KLAL YOLUNDA, SAMSUN\u2019DAN \u0130ZM\u0130R\u2019E\u201d <\/b>ADIYLA MAKALE\nYAZMA YARI\u015eMASI DUYURUSU (7 Kas\u0131m 2018 \u2013\n29 Mart 2019)<\/p><p><span><a href=\"https:\/\/www.turkegitimsen.org.tr\/icerik_goster.php?Id=12811\">https:\/\/www.turkegitimsen.org.tr\/icerik_goster.php?Id=12811<\/a><o:p><\/o:p><\/span><\/p><p><span><span>MAKALE YAZMA\nYARI\u015eMASI SONU\u00c7LARI<\/span><\/span><span><o:p><\/o:p><\/span><\/p><p><span><a href=\"https:\/\/www.turkegitimsen.org.tr\/icerik_goster.php?Id=13166\">https:\/\/www.turkegitimsen.org.tr\/icerik_goster.php?Id=13166<\/a><o:p><\/o:p><\/span><\/p><p><span>&nbsp;<\/span><\/p><p><span>&nbsp;<\/span>\u00d6MER SEYFETT\u0130N ANISINA H\u0130KAYE YARI\u015eMASI DUYURUSU (10 Aral\u0131k\n2019 \u2013 6 Mart 2020)<\/p><p><o:p><\/o:p><\/p><p><span><a href=\"https:\/\/www.turkegitimsen.org.tr\/icerik_goster.php?Id=13444\">https:\/\/www.turkegitimsen.org.tr\/icerik_goster.php?Id=13444<\/a><o:p><\/o:p><\/span><\/p><p>H\u0130KAYE YARI\u015eMASI SONU\u00c7LARI<o:p><\/o:p><\/p><p><span><a href=\"https:\/\/www.turkegitimsen.org.tr\/icerik_goster.php?Id=13594\">https:\/\/www.turkegitimsen.org.tr\/icerik_goster.php?Id=13594<\/a><o:p><\/o:p><\/span><\/p><p><span>&nbsp;<\/span><\/p><p><span>&nbsp;<\/span>\u0130ST\u0130KLALDEN\n\u0130ST\u0130KBALE \u015e\u0130\u0130R YAZMA YARI\u015eMASI DUYURUSU ( 17 Kas\u0131m 2020 \u2013 22 \u015eubat 2021)<\/p><p><span>https:\/\/www.turkegitimsen.org.tr\/icerik_goster.php?Id=13809<o:p><\/o:p><\/span><\/p><p><span><span>&nbsp;<\/span><\/span><\/p><p><span><span>\u0130ST\u0130KLALDEN\n\u0130ST\u0130KBALE \u015e\u0130\u0130R YAZMA YARI\u015eMASI SONU\u00c7LARI<\/span><\/span><span><o:p><\/o:p><\/span><\/p><p><span><a href=\"https:\/\/www.turkegitimsen.org.tr\/icerik_goster.php?Id=13935\">https:\/\/www.turkegitimsen.org.tr\/icerik_goster.php?Id=13935<\/a><o:p><\/o:p><\/span><\/p><p><br><\/p><p>2021 Y\u0131l\u0131n\u0131n Yunus Emre\u2019nin vefat\u0131n\u0131n 700. Y\u0131l\u0131 olmas\u0131 ve bu y\u0131l\u0131n Yunus Emre ve T\u00fcrk\u00e7e Y\u0131l\u0131 olarak ilan edilmesi m\u00fcnasebetiyle, T\u00fcrk E\u011fitim Sen Genel Merkezi taraf\u0131ndan d\u00fczenlenen \u201cD\u00fcnya Dili T\u00fcrk\u00e7e\u201d Kompozisyon Yar\u0131\u015fmas\u0131&nbsp;<br><\/p><p>http:\/\/tesyarisma.org\/2021_1\/<br><\/p><p><br><\/p><p>&nbsp;<\/p>\n\n\n","protected":false},"excerpt":{"rendered":"","protected":false},"author":1,"featured_media":0,"parent":0,"menu_order":0,"comment_status":"closed","ping_status":"closed","template":"","meta":{"footnotes":""},"class_list":["post-130","page","type-page","status-publish","hentry"],"_links":{"self":[{"href":"https:\/\/tesyarisma.org\/2022_1\/wp-json\/wp\/v2\/pages\/130","targetHints":{"allow":["GET"]}}],"collection":[{"href":"https:\/\/tesyarisma.org\/2022_1\/wp-json\/wp\/v2\/pages"}],"about":[{"href":"https:\/\/tesyarisma.org\/2022_1\/wp-json\/wp\/v2\/types\/page"}],"author":[{"embeddable":true,"href":"https:\/\/tesyarisma.org\/2022_1\/wp-json\/wp\/v2\/users\/1"}],"replies":[{"embeddable":true,"href":"https:\/\/tesyarisma.org\/2022_1\/wp-json\/wp\/v2\/comments?post=130"}],"version-history":[{"count":5,"href":"https:\/\/tesyarisma.org\/2022_1\/wp-json\/wp\/v2\/pages\/130\/revisions"}],"predecessor-version":[{"id":228,"href":"https:\/\/tesyarisma.org\/2022_1\/wp-json\/wp\/v2\/pages\/130\/revisions\/228"}],"wp:attachment":[{"href":"https:\/\/tesyarisma.org\/2022_1\/wp-json\/wp\/v2\/media?parent=130"}],"curies":[{"name":"wp","href":"https:\/\/api.w.org\/{rel}","templated":true}]}}