{"id":34,"date":"2021-06-02T07:42:58","date_gmt":"2021-06-02T07:42:58","guid":{"rendered":"http:\/\/tesyarisma.org\/2022_1\/services\/"},"modified":"2022-02-03T17:51:26","modified_gmt":"2022-02-03T17:51:26","slug":"services","status":"publish","type":"page","link":"https:\/\/tesyarisma.org\/2022_1\/services\/","title":{"rendered":"Se\u00e7ici Kurul"},"content":{"rendered":"\n\n\n\n\n\n\n\n\n\n\n\n<h4>Se\u00e7ici Kurul<\/h4>\n<p><b>Prof. Dr. G\u00fclay Mirzao\u011flu SIVACI <\/b><\/p><p>Hacettepe \u00dcniversitesi M\u00fczik Ara\u015ft\u0131rma Merkezi M\u00fcd\u00fcr\u00fc<\/p>\n<p><b>Kaya KUZUCU<\/b><\/p><p>Sanat\u00e7\u0131, \u015eair, Yazar<\/p>\n<p><b>Do\u00e7. Dr. Seyfullah YILDIRIM <\/b><\/p><p>Ankara Y\u0131ld\u0131r\u0131m Beyaz\u0131t \u00dcniversitesi<\/p><p>\u0130nsan ve Toplum Bilimleri Fak\u00fcltesi, T\u00fcrk Dili ve Edebiyat\u0131 B\u00f6l\u00fcm\u00fc \u00d6\u011fretim \u00dcyesi<\/p>\n<p><b>Yahya AKENG\u0130N <\/b><\/p><p>\u015eair ve Yazar<\/p><p>T\u00fcrk D\u00fcnyas\u0131 Yazarlar ve Sanat\u00e7\u0131lar Vakf\u0131 Ba\u015fkan\u0131<\/p>\n<p><b>Do\u00e7. Dr. Y\u0131lmaz YE\u015e\u0130L<\/b><\/p><p>Gazi \u00dcniversitesi<\/p><p>Gazi \u00dcniversitesi, T\u00fcrk\u00e7e ve Sosyal Bilgiler E\u011fitimi B\u00f6l\u00fcm\u00fc \u00d6\u011fretim \u00dcyesi <\/p>\n<p>Se\u00e7ici Kurul \u00fcyelerinin isimleri alfabetik s\u0131raya g\u00f6re yaz\u0131lm\u0131\u015ft\u0131r.<br><\/p>\n\n\n","protected":false},"excerpt":{"rendered":"","protected":false},"author":0,"featured_media":0,"parent":0,"menu_order":0,"comment_status":"closed","ping_status":"closed","template":"","meta":{"footnotes":""},"class_list":["post-34","page","type-page","status-publish","hentry"],"_links":{"self":[{"href":"https:\/\/tesyarisma.org\/2022_1\/wp-json\/wp\/v2\/pages\/34","targetHints":{"allow":["GET"]}}],"collection":[{"href":"https:\/\/tesyarisma.org\/2022_1\/wp-json\/wp\/v2\/pages"}],"about":[{"href":"https:\/\/tesyarisma.org\/2022_1\/wp-json\/wp\/v2\/types\/page"}],"replies":[{"embeddable":true,"href":"https:\/\/tesyarisma.org\/2022_1\/wp-json\/wp\/v2\/comments?post=34"}],"version-history":[{"count":10,"href":"https:\/\/tesyarisma.org\/2022_1\/wp-json\/wp\/v2\/pages\/34\/revisions"}],"predecessor-version":[{"id":270,"href":"https:\/\/tesyarisma.org\/2022_1\/wp-json\/wp\/v2\/pages\/34\/revisions\/270"}],"wp:attachment":[{"href":"https:\/\/tesyarisma.org\/2022_1\/wp-json\/wp\/v2\/media?parent=34"}],"curies":[{"name":"wp","href":"https:\/\/api.w.org\/{rel}","templated":true}]}}