{"id":35,"date":"2021-06-02T07:42:58","date_gmt":"2021-06-02T07:42:58","guid":{"rendered":"http:\/\/tesyarisma.org\/2022_1\/about\/"},"modified":"2022-02-03T17:57:18","modified_gmt":"2022-02-03T17:57:18","slug":"about","status":"publish","type":"page","link":"https:\/\/tesyarisma.org\/2022_1\/about\/","title":{"rendered":"Yar\u0131\u015fma \u015eartlar\u0131"},"content":{"rendered":"\n\n\n<h3>YARI\u015eMA \u015eARTLARI<\/h3>\n\u2022\tYar\u0131\u015fma \u00dcyeler, aras\u0131nda d\u00fczenlenecektir. Yar\u0131\u015fmaya T\u00fcrk E\u011fitim-Sen ve T\u00fcrkiye Kamu Sen\u2019e ba\u011fl\u0131 sendikalar\u0131n \u00fcyeleri ve emeklileri kat\u0131labilirler.&nbsp;<div>\u2022\tYar\u0131\u015fmaya Se\u00e7ici Kurul \u00fcyeleri ve birinci derece yak\u0131nlar\u0131 <b>kat\u0131lamazlar<\/b>.&nbsp;<br>\u2022\t\u015eiirler aruz, hece ya da serbest vezinli olabilir.&nbsp;<br>\u2022\t\u015eiirler daha \u00f6nce hi\u00e7bir yerde yay\u0131nlanmam\u0131\u015f ve herhangi bir yar\u0131\u015fmaya kat\u0131lmam\u0131\u015f olmal\u0131d\u0131r.&nbsp;<br>\u2022\tYar\u0131\u015fmaya <b>en fazla \u00fc\u00e7 (3) \u015fiirle<\/b> kat\u0131lmak m\u00fcmk\u00fcnd\u00fcr.&nbsp;<br>&nbsp;\u2022\tYar\u0131\u015fmaya eser g\u00f6nderebilmek i\u00e7in <b>www.tesyarisma.org <\/b>adresinden kay\u0131t olmak, kayd\u0131n cep telefonuna ya da elektronik posta adresine gelecek kodun ilgili alana girilmesi ile onay verilerek do\u011frulanmas\u0131 gereklidir.&nbsp;<br>&nbsp;\u2022\tKi\u015fisel verilerin korunmas\u0131 ile ilgili t\u00fcm tedbirler al\u0131nacak olup, yar\u0131\u015fma s\u00fcreci bittikten sonra bilgiler resen imha edilecektir.&nbsp;<br>\u2022\tKay\u0131t olurken eser sahibi mutlaka kendisine bir rumuz belirlemelidir. <b>En fazla 5 (be\u015f) harf ve 3 (\u00fc\u00e7) rakamdan<\/b> olu\u015fan bir rumuz kullan\u0131lacakt\u0131r.&nbsp;<br>\u2022\tYar\u0131\u015fmaya g\u00f6nderilecek eserler; sa\u011f, sol ve sayfa alt\u0131nda 2,5 cm sayfa \u00fcst\u00fcnde de 3 cm bo\u015fluk b\u0131rak\u0131larak Microsoft Word ortam\u0131nda yaz\u0131lmal\u0131d\u0131r.&nbsp;<br>\u2022\tYar\u0131\u015fmaya g\u00f6nderilecek \u015fiirler A4 sayfas\u0131nda, Arial 12 punto, 1,5 sat\u0131r aral\u0131\u011f\u0131 ile bilgisayarda yaz\u0131lacakt\u0131r ve iki (2) sayfay\u0131 ge\u00e7meyecektir.&nbsp;<br>&nbsp;\u2022\tHer \u015fiirde mutlaka metinde anlat\u0131lan duygu ve d\u00fc\u015f\u00fcnceye uygun bir ba\u015fl\u0131k olmal\u0131d\u0131r.&nbsp;<br>\u2022\tYar\u0131\u015fmaya kat\u0131lan ki\u015filer, eserlerinin <b>\u2013kullan\u0131m hakk\u0131 kendilerinde olmak ve kendilerinden izin almak \u015fart\u0131yla-<\/b> T\u00fcrk E\u011fitim-Sen taraf\u0131ndan yay\u0131n organlar\u0131nda yay\u0131nlanabilece\u011fini, yapaca\u011f\u0131 \u00e7al\u0131\u015fmalarda kullanabilece\u011fini ve bu \u015fartname h\u00fck\u00fcmlerini aynen kabul etmi\u015f say\u0131l\u0131rlar. Bunun i\u00e7in yar\u0131\u015fmaya eser g\u00f6nderilirken yay\u0131n izin formunun onaylanmas\u0131 gerekmektedir.&nbsp;<br>\u2022\tYar\u0131\u015fmada dereceye giren eserlerin T\u00fcrk E\u011fitim Sen mar\u015f\u0131 olarak bestelenmesini yar\u0131\u015fmac\u0131lar pe\u015fin olarak kabul etmi\u015f say\u0131lmaktad\u0131r.&nbsp;<br>\u2022\t Yar\u0131\u015fma \u00f6d\u00fcl\u00fc d\u0131\u015f\u0131nda dereceye giren eser sahibine bir telif \u00f6demesi yap\u0131lmayacakt\u0131r. \u00d6d\u00fcl\u00fcn\u00fc teslim al\u0131rken, d\u00fczenlenecek telif devir s\u00f6zle\u015fmesi imzalanacakt\u0131r.&nbsp;<br>\u2022\t\u015eartnamelerde belirtilmeyen hususlarda ve teredd\u00fct halinde Se\u00e7ici Kurul kararlar\u0131 ge\u00e7erlidir.&nbsp;\u2022\tYar\u0131\u015fmaya kat\u0131lan eserlerden uygun g\u00f6r\u00fclenler ile dereceye giren metinler T\u00fcrk E\u011fitim-Sen taraf\u0131ndan kitap olarak bast\u0131r\u0131labilecektir.&nbsp;\u2022\tYar\u0131\u015fmaya kat\u0131lan eser sahipleri bu h\u00fck\u00fcmleri pe\u015finen kabul etmi\u015f say\u0131lmaktad\u0131r.<\/div>\n<h3>YARI\u015eMAYA SON KATILIM S\u00dcRES\u0130<\/h3>\nYar\u0131\u015fmaya eser g\u00f6ndermek isteyen kat\u0131l\u0131mc\u0131lar\u0131n <b>30 Nisan 2022 tarihi saat 24:00\u2019e<\/b> kadar eserlerini <b>www.tesyarisma.org<\/b> adresi \u00fczerinden y\u00fcklemesi gerekmektedir. Yar\u0131\u015fma s\u00fcresi ile ilgili her de\u011fi\u015fiklik yapma yetkisi T\u00fcrk E\u011fitim-Sen Genel Merkezi\u2019ne aittir.\n\n\n\n","protected":false},"excerpt":{"rendered":"","protected":false},"author":0,"featured_media":0,"parent":0,"menu_order":0,"comment_status":"closed","ping_status":"closed","template":"","meta":{"footnotes":""},"class_list":["post-35","page","type-page","status-publish","hentry"],"_links":{"self":[{"href":"https:\/\/tesyarisma.org\/2022_1\/wp-json\/wp\/v2\/pages\/35","targetHints":{"allow":["GET"]}}],"collection":[{"href":"https:\/\/tesyarisma.org\/2022_1\/wp-json\/wp\/v2\/pages"}],"about":[{"href":"https:\/\/tesyarisma.org\/2022_1\/wp-json\/wp\/v2\/types\/page"}],"replies":[{"embeddable":true,"href":"https:\/\/tesyarisma.org\/2022_1\/wp-json\/wp\/v2\/comments?post=35"}],"version-history":[{"count":17,"href":"https:\/\/tesyarisma.org\/2022_1\/wp-json\/wp\/v2\/pages\/35\/revisions"}],"predecessor-version":[{"id":273,"href":"https:\/\/tesyarisma.org\/2022_1\/wp-json\/wp\/v2\/pages\/35\/revisions\/273"}],"wp:attachment":[{"href":"https:\/\/tesyarisma.org\/2022_1\/wp-json\/wp\/v2\/media?parent=35"}],"curies":[{"name":"wp","href":"https:\/\/api.w.org\/{rel}","templated":true}]}}