{"id":36,"date":"2021-06-02T07:42:58","date_gmt":"2021-06-02T07:42:58","guid":{"rendered":"http:\/\/tesyarisma.org\/2022_1\/home\/"},"modified":"2022-02-03T17:44:02","modified_gmt":"2022-02-03T17:44:02","slug":"home","status":"publish","type":"page","link":"https:\/\/tesyarisma.org\/2022_1\/","title":{"rendered":"Ana Sayfa"},"content":{"rendered":"\n\n\n\n\n\n<p><br><\/p>\n\n\n\n\n\n\n\n\n\n<h4>Yar\u0131\u015fman\u0131n Konusu<br><\/h4>\nT\u00fcrk E\u011fitim-Sen kararl\u0131, ilkeli ve ahlakl\u0131 sendikal m\u00fccadelenin ad\u0131d\u0131r. Her \u015fartta \u00fcyesinin ve e\u011fitim \u00e7al\u0131\u015fanlar\u0131n\u0131n yan\u0131nda bulunan, taraf\u0131 T\u00fcrkiye\u2019nin, T\u00fcrk milletinin yan\u0131 olan T\u00fcrk E\u011fitim Sen 30. Ya\u015f\u0131n\u0131 kutlamaktad\u0131r. \nBu gurur \u00fcyelerimizin, te\u015fkilat mensuplar\u0131m\u0131z\u0131n, bizlere destek veren b\u00fct\u00fcn e\u011fitim \u00e7al\u0131\u015fanlar\u0131n\u0131nd\u0131r. E\u011fitim \u00e7al\u0131\u015fanlar\u0131 aras\u0131nda sendikal bilincin, m\u00fccadele ahlak\u0131n\u0131n ve iradenin ad\u0131 olmu\u015ftur. T\u00fcrk milletinin ba\u011fr\u0131ndan \u00e7\u0131kan bu nadide sivil toplum kurulu\u015fu T\u00fcrk E\u011fitim Sen\u2019i gelecek y\u00fcz y\u0131la ilkelerini muhafaza ta\u015f\u0131mak hepimiz i\u00e7in \u00f6nemli bir vazife olarak g\u00f6r\u00fclmelidir. \nT\u00fcrk E\u011fitim Sen\u2019in bu g\u00fcne kadar s\u00fcrd\u00fcrd\u00fc\u011f\u00fc onurlu m\u00fccadelesinden yola \u00e7\u0131karak, beslendi\u011fi kayna\u011f\u0131, misyonu ve vizyonunu dile getirmek; ahlak, adalet, sevgi, sayg\u0131, merhamet, \u00e7al\u0131\u015fkanl\u0131k, irade ve azim gibi hasletleri terenn\u00fcm ederek T\u00fcrk E\u011fitim Senlileri tan\u0131mlamak ancak m\u00fcmk\u00fcn olabilmektedir. \nE\u011fitim \u00e7al\u0131\u015fanlar\u0131n\u0131n sendikal m\u00fccadelesinin y\u00fcz ak\u0131 T\u00fcrk E\u011fitim Sen\u2019i ve ilkelerini ihtiva eden T\u00fcrk E\u011fitim Sen\u2019in kimli\u011fini ve kurumsal bak\u0131\u015f a\u00e7\u0131s\u0131n\u0131 yans\u0131tan bir mar\u015f s\u00f6z\u00fc yaz\u0131lmas\u0131 bu yar\u0131\u015fman\u0131n konusudur. Bu kapsamda mar\u015f s\u00f6z\u00fc olabilecek \u015fiirler yaz\u0131lacakt\u0131r.\n<h4>Yar\u0131\u015fman\u0131n Amac\u0131<br><\/h4>\n1992 y\u0131l\u0131nda kurulan T\u00fcrk E\u011fitim Sen 2022 y\u0131l\u0131 itibariyle 30. Y\u0131l\u0131n\u0131 tamamlayacakt\u0131r. Sendikam\u0131z\u0131n kurumsal kimli\u011fini peki\u015ftirmek, e\u011fitim \u00e7al\u0131\u015fanlar\u0131n\u0131n tercih edip, \u00fcyelikleri ile sahip \u00e7\u0131k\u0131p, g\u00fc\u00e7 verip bu g\u00fcnlere getirdikleri T\u00fcrk E\u011fitim Sen, ilkelerinden \u00f6d\u00fcn vermeden sendikal m\u00fccadelesine devam etmektedir. \nE\u011fitim \u00e7al\u0131\u015fanlar\u0131n\u0131n g\u00fcr sesi olan, g\u00fc\u00e7l\u00fc te\u015fkilat yap\u0131s\u0131 ile kurumsal kimli\u011fini her daim yenileyerek geli\u015ftiren T\u00fcrk E\u011fitim Sen\u2019i nice otuz y\u0131llara ta\u015f\u0131yacak yine sendikal m\u00fccadelemizin k\u0131ymetli \u00fcyeleri, e\u011fitim \u00e7al\u0131\u015fanlar\u0131, sizler ve bizler olaca\u011f\u0131z. \nT\u00fcrk E\u011fitim Sen\u2019i her platformda do\u011fru anlatabilmek, m\u00fccadelemizi daha co\u015fkulu ve kararl\u0131 yapabilmek gayesi ile T\u00fcrk E\u011fitim Sen\u2019in 30. y\u0131l\u0131na arma\u011fan olarak mar\u015f\u0131n yaz\u0131lmas\u0131 ama\u00e7lanmaktad\u0131r. Yar\u0131\u015fmada birinci se\u00e7ilen \u015fiir T\u00fcrk E\u011fitim Sen mar\u015f\u0131n\u0131n g\u00fcftesi olacakt\u0131r. Bu s\u00f6zlere uygun olarak yap\u0131lacak beste ile mar\u015f haline getirilecektir.\n\n<p> All the Lorem Ipsum generators on the Internet tend to repeat predefined chunks as necessary<\/p>\n\n\n\n\n\n\n\n","protected":false},"excerpt":{"rendered":"","protected":false},"author":1,"featured_media":0,"parent":0,"menu_order":0,"comment_status":"closed","ping_status":"closed","template":"","meta":{"footnotes":""},"class_list":["post-36","page","type-page","status-publish","hentry"],"_links":{"self":[{"href":"https:\/\/tesyarisma.org\/2022_1\/wp-json\/wp\/v2\/pages\/36","targetHints":{"allow":["GET"]}}],"collection":[{"href":"https:\/\/tesyarisma.org\/2022_1\/wp-json\/wp\/v2\/pages"}],"about":[{"href":"https:\/\/tesyarisma.org\/2022_1\/wp-json\/wp\/v2\/types\/page"}],"author":[{"embeddable":true,"href":"https:\/\/tesyarisma.org\/2022_1\/wp-json\/wp\/v2\/users\/1"}],"replies":[{"embeddable":true,"href":"https:\/\/tesyarisma.org\/2022_1\/wp-json\/wp\/v2\/comments?post=36"}],"version-history":[{"count":25,"href":"https:\/\/tesyarisma.org\/2022_1\/wp-json\/wp\/v2\/pages\/36\/revisions"}],"predecessor-version":[{"id":264,"href":"https:\/\/tesyarisma.org\/2022_1\/wp-json\/wp\/v2\/pages\/36\/revisions\/264"}],"wp:attachment":[{"href":"https:\/\/tesyarisma.org\/2022_1\/wp-json\/wp\/v2\/media?parent=36"}],"curies":[{"name":"wp","href":"https:\/\/api.w.org\/{rel}","templated":true}]}}