{"id":7,"date":"2024-03-08T12:24:47","date_gmt":"2024-03-08T12:24:47","guid":{"rendered":"https:\/\/tesyarisma.org\/2024\/2\/?page_id=7"},"modified":"2024-09-24T10:52:02","modified_gmt":"2024-09-24T10:52:02","slug":"ana-sayfa","status":"publish","type":"page","link":"https:\/\/tesyarisma.org\/2024\/2\/","title":{"rendered":""},"content":{"rendered":"\t\t<div data-elementor-type=\"wp-post\" data-elementor-id=\"7\" class=\"elementor elementor-7\">\n\t\t\t\t\t\t<section class=\"elementor-section elementor-top-section elementor-element elementor-element-586df5fd elementor-section-content-middle elementor-section-stretched elementor-section-boxed elementor-section-height-default elementor-section-height-default\" data-id=\"586df5fd\" data-element_type=\"section\" data-settings=\"{&quot;stretch_section&quot;:&quot;section-stretched&quot;,&quot;background_background&quot;:&quot;classic&quot;}\">\n\t\t\t\t\t\t<div class=\"elementor-container elementor-column-gap-default\">\n\t\t\t\t\t<div class=\"elementor-column elementor-col-50 elementor-top-column elementor-element elementor-element-5c47d267\" data-id=\"5c47d267\" data-element_type=\"column\">\n\t\t\t<div class=\"elementor-widget-wrap elementor-element-populated\">\n\t\t\t\t\t\t<div class=\"elementor-element elementor-element-406d0a3d elementor-widget elementor-widget-heading\" data-id=\"406d0a3d\" data-element_type=\"widget\" data-widget_type=\"heading.default\">\n\t\t\t\t<div class=\"elementor-widget-container\">\n\t\t\t\t\t<h1 class=\"elementor-heading-title elementor-size-default\">MEHMET EM\u0130N YURDAKUL\u2019UN VEFATININ 80. YILI ANISINA \nG\u00d6NL\u00dcMDEK\u0130 T\u00dcRK ASRI \u015e\u0130\u0130R YARI\u015eMASI<\/h1>\t\t\t\t<\/div>\n\t\t\t\t<\/div>\n\t\t\t\t\t<\/div>\n\t\t<\/div>\n\t\t\t\t<div class=\"elementor-column elementor-col-50 elementor-top-column elementor-element elementor-element-45da1e69\" data-id=\"45da1e69\" data-element_type=\"column\">\n\t\t\t<div class=\"elementor-widget-wrap elementor-element-populated\">\n\t\t\t\t\t\t<div class=\"elementor-element elementor-element-77d0347b elementor-align-right elementor-tablet-align-center elementor-widget elementor-widget-button\" data-id=\"77d0347b\" data-element_type=\"widget\" data-widget_type=\"button.default\">\n\t\t\t\t<div class=\"elementor-widget-container\">\n\t\t\t\t\t\t\t\t\t<div class=\"elementor-button-wrapper\">\n\t\t\t\t\t<a class=\"elementor-button elementor-button-link elementor-size-md\" href=\"https:\/\/tesyarisma2.sistemi.biz.tr\/login.aspx\">\n\t\t\t\t\t\t<span class=\"elementor-button-content-wrapper\">\n\t\t\t\t\t\t\t\t\t<span class=\"elementor-button-text\">YARI\u015eMAYA KATILIM<\/span>\n\t\t\t\t\t<\/span>\n\t\t\t\t\t<\/a>\n\t\t\t\t<\/div>\n\t\t\t\t\t\t\t\t<\/div>\n\t\t\t\t<\/div>\n\t\t\t\t\t<\/div>\n\t\t<\/div>\n\t\t\t\t\t<\/div>\n\t\t<\/section>\n\t\t\t\t<section class=\"elementor-section elementor-top-section elementor-element elementor-element-9fff308 elementor-section-boxed elementor-section-height-default elementor-section-height-default\" data-id=\"9fff308\" data-element_type=\"section\" data-settings=\"{&quot;background_background&quot;:&quot;classic&quot;}\">\n\t\t\t\t\t\t<div class=\"elementor-container elementor-column-gap-default\">\n\t\t\t\t\t<div class=\"elementor-column elementor-col-50 elementor-top-column elementor-element elementor-element-45a27c6c\" data-id=\"45a27c6c\" data-element_type=\"column\">\n\t\t\t<div class=\"elementor-widget-wrap elementor-element-populated\">\n\t\t\t\t\t\t<div class=\"elementor-element elementor-element-16d9be0 elementor-widget__width-initial elementor-widget elementor-widget-heading\" data-id=\"16d9be0\" data-element_type=\"widget\" data-widget_type=\"heading.default\">\n\t\t\t\t<div class=\"elementor-widget-container\">\n\t\t\t\t\t<h2 class=\"elementor-heading-title elementor-size-default\">Yar\u0131\u015fman\u0131n Amac\u0131<\/h2>\t\t\t\t<\/div>\n\t\t\t\t<\/div>\n\t\t\t\t<div class=\"elementor-element elementor-element-f6924ad elementor-widget elementor-widget-text-editor\" data-id=\"f6924ad\" data-element_type=\"widget\" data-widget_type=\"text-editor.default\">\n\t\t\t\t<div class=\"elementor-widget-container\">\n\t\t\t\t\t\t\t\t\t<p>Milli \u015fiirimizin \u00f6nemli ismi Mehmet Emin Yurdakul\u2019u hat\u0131rlamak ve dima\u011flarda ya\u015fatman\u0131n yan\u0131nda &#8220;G\u00f6nl\u00fcmdeki T\u00fcrk Asr\u0131&#8221; \u015fiir yar\u0131\u015fmas\u0131n\u0131n temel amac\u0131, T\u00fcrk milletinin gelece\u011fe y\u00f6nelik hayallerini ve heyecanlar\u0131n\u0131 ifade ederek, T\u00fcrk Asr\u0131 ve T\u00fcrkiye Y\u00fczy\u0131l\u0131 ideallerine duyulan inanc\u0131 canl\u0131 tutmakt\u0131r. Bu yar\u0131\u015fma, milli romantizmi canland\u0131rarak, T\u00fcrk milletinin \u00fcst\u00fcn vas\u0131flar\u0131n\u0131 vurgulamay\u0131 ve T\u00fcrk Asr\u0131 konusundaki milli tasavvuru ifade etmeyi hedeflemektedir. Kat\u0131l\u0131mc\u0131lar, milli kimli\u011fimizin k\u00f6klerine olan sadakati ve gelece\u011fe duyulan g\u00fcveni dile getirerek, T\u00fcrk milletinin b\u00fcy\u00fck potansiyelini ve dayan\u0131\u015fma ruhunu ortaya koymaya te\u015fvik edilerek bu kapsamdaki \u00e7al\u0131\u015fmalar ile T\u00fcrk \u015fiirine bir katk\u0131da bulunarak, yeni \u015fiirleri ve \u015fairlerimizi T\u00fcrk edebiyat\u0131na kazand\u0131rmak hedeflenmektedir<\/p>\t\t\t\t\t\t\t\t<\/div>\n\t\t\t\t<\/div>\n\t\t\t\t<div class=\"elementor-element elementor-element-a912ba0 elementor-widget__width-initial elementor-widget elementor-widget-heading\" data-id=\"a912ba0\" data-element_type=\"widget\" data-widget_type=\"heading.default\">\n\t\t\t\t<div class=\"elementor-widget-container\">\n\t\t\t\t\t<h2 class=\"elementor-heading-title elementor-size-default\">Yar\u0131\u015fman\u0131n Konusu<\/h2>\t\t\t\t<\/div>\n\t\t\t\t<\/div>\n\t\t\t\t<div class=\"elementor-element elementor-element-77e6237d elementor-widget elementor-widget-text-editor\" data-id=\"77e6237d\" data-element_type=\"widget\" data-widget_type=\"text-editor.default\">\n\t\t\t\t<div class=\"elementor-widget-container\">\n\t\t\t\t\t\t\t\t\t<p>&#8220;G\u00f6nl\u00fcmdeki T\u00fcrk Asr\u0131&#8221;, T\u00fcrk milletinin gelece\u011fe dair umutlar\u0131n\u0131, hayallerini ve idealini ifade eden, T\u00fcrk milletinin milli k\u00f6klerinden kopmadan \u00e7a\u011fda\u015f bir uygarl\u0131k seviyesine ula\u015ft\u0131\u011f\u0131 bir d\u00f6nemi simgeler. \u015eiirlerin konusu \u2018G\u00f6nl\u00fcmdeki T\u00fcrk Asr\u0131\u2019 s\u00f6ylemine uygun olmak kayd\u0131 ile geni\u015ftir<\/p>\t\t\t\t\t\t\t\t<\/div>\n\t\t\t\t<\/div>\n\t\t\t\t<div class=\"elementor-element elementor-element-7e3cef2 elementor-widget__width-initial elementor-widget elementor-widget-heading\" data-id=\"7e3cef2\" data-element_type=\"widget\" data-widget_type=\"heading.default\">\n\t\t\t\t<div class=\"elementor-widget-container\">\n\t\t\t\t\t<h2 class=\"elementor-heading-title elementor-size-default\">Yar\u0131\u015fmaya Kat\u0131l\u0131m<\/h2>\t\t\t\t<\/div>\n\t\t\t\t<\/div>\n\t\t\t\t<div class=\"elementor-element elementor-element-56b787fd elementor-widget elementor-widget-spacer\" data-id=\"56b787fd\" data-element_type=\"widget\" data-widget_type=\"spacer.default\">\n\t\t\t\t<div class=\"elementor-widget-container\">\n\t\t\t\t\t\t\t<div class=\"elementor-spacer\">\n\t\t\t<div class=\"elementor-spacer-inner\"><\/div>\n\t\t<\/div>\n\t\t\t\t\t\t<\/div>\n\t\t\t\t<\/div>\n\t\t\t\t<div class=\"elementor-element elementor-element-f8c4416 elementor-widget elementor-widget-text-editor\" data-id=\"f8c4416\" data-element_type=\"widget\" data-widget_type=\"text-editor.default\">\n\t\t\t\t<div class=\"elementor-widget-container\">\n\t\t\t\t\t\t\t\t\t<p><strong>Ba\u015fvuru Tarihi :<\/strong><strong>15 Mart 2024 \u2013 30 Ekim 2024<\/strong><\/p><p><strong>Sonu\u00e7 A\u00e7\u0131klama :<\/strong><strong>1 Aral\u0131k 2024<\/strong><\/p>\t\t\t\t\t\t\t\t<\/div>\n\t\t\t\t<\/div>\n\t\t\t\t\t<\/div>\n\t\t<\/div>\n\t\t\t\t<div class=\"elementor-column elementor-col-50 elementor-top-column elementor-element elementor-element-4cf31dd2\" data-id=\"4cf31dd2\" data-element_type=\"column\" data-settings=\"{&quot;background_background&quot;:&quot;classic&quot;}\">\n\t\t\t<div class=\"elementor-widget-wrap elementor-element-populated\">\n\t\t\t\t\t\t<div class=\"elementor-element elementor-element-27727fb7 elementor-widget elementor-widget-heading\" data-id=\"27727fb7\" data-element_type=\"widget\" data-widget_type=\"heading.default\">\n\t\t\t\t<div class=\"elementor-widget-container\">\n\t\t\t\t\t<h2 class=\"elementor-heading-title elementor-size-default\">Caption title<\/h2>\t\t\t\t<\/div>\n\t\t\t\t<\/div>\n\t\t\t\t\t<\/div>\n\t\t<\/div>\n\t\t\t\t\t<\/div>\n\t\t<\/section>\n\t\t\t\t<section class=\"elementor-section elementor-top-section elementor-element elementor-element-6e30a36f elementor-section-height-min-height elementor-section-boxed elementor-section-height-default elementor-section-items-middle\" data-id=\"6e30a36f\" data-element_type=\"section\" data-settings=\"{&quot;background_background&quot;:&quot;classic&quot;}\">\n\t\t\t\t\t\t\t<div class=\"elementor-background-overlay\"><\/div>\n\t\t\t\t\t\t\t<div class=\"elementor-container elementor-column-gap-no\">\n\t\t\t\t\t<div class=\"elementor-column elementor-col-100 elementor-top-column elementor-element elementor-element-25d6e3d8\" data-id=\"25d6e3d8\" data-element_type=\"column\" data-settings=\"{&quot;background_background&quot;:&quot;gradient&quot;}\">\n\t\t\t<div class=\"elementor-widget-wrap elementor-element-populated\">\n\t\t\t\t\t<div class=\"elementor-background-overlay\"><\/div>\n\t\t\t\t\t\t<section class=\"elementor-section elementor-inner-section elementor-element elementor-element-21a7d46d elementor-section-height-min-height elementor-section-content-middle elementor-reverse-mobile elementor-section-boxed elementor-section-height-default\" data-id=\"21a7d46d\" data-element_type=\"section\">\n\t\t\t\t\t\t<div class=\"elementor-container elementor-column-gap-no\">\n\t\t\t\t\t<div class=\"elementor-column elementor-col-100 elementor-inner-column elementor-element elementor-element-6dfc5baf\" data-id=\"6dfc5baf\" data-element_type=\"column\">\n\t\t\t<div class=\"elementor-widget-wrap elementor-element-populated\">\n\t\t\t\t\t\t<div class=\"elementor-element elementor-element-5da07795 animated-slow elementor-invisible elementor-widget elementor-widget-heading\" data-id=\"5da07795\" data-element_type=\"widget\" data-settings=\"{&quot;_animation&quot;:&quot;fadeInUp&quot;,&quot;_animation_delay&quot;:100}\" data-widget_type=\"heading.default\">\n\t\t\t\t<div class=\"elementor-widget-container\">\n\t\t\t\t\t<h2 class=\"elementor-heading-title elementor-size-default\">Yar\u0131\u015fma \u015eartnamesi <\/h2>\t\t\t\t<\/div>\n\t\t\t\t<\/div>\n\t\t\t\t<div class=\"elementor-element elementor-element-550f87dc elementor-widget-divider--view-line elementor-widget elementor-widget-divider\" data-id=\"550f87dc\" data-element_type=\"widget\" data-widget_type=\"divider.default\">\n\t\t\t\t<div class=\"elementor-widget-container\">\n\t\t\t\t\t\t\t<div class=\"elementor-divider\">\n\t\t\t<span class=\"elementor-divider-separator\">\n\t\t\t\t\t\t<\/span>\n\t\t<\/div>\n\t\t\t\t\t\t<\/div>\n\t\t\t\t<\/div>\n\t\t\t\t<div class=\"elementor-element elementor-element-145474a6 elementor-invisible elementor-widget elementor-widget-text-editor\" data-id=\"145474a6\" data-element_type=\"widget\" data-settings=\"{&quot;_animation&quot;:&quot;fadeIn&quot;}\" data-widget_type=\"text-editor.default\">\n\t\t\t\t<div class=\"elementor-widget-container\">\n\t\t\t\t\t\t\t\t\t<ol>\n<li>Yar\u0131\u015fmaya T\u00fcrk E\u011fitim -Sen ve T\u00fcrkiye Kamu \u2013 Sen\u2019e ba\u011fl\u0131 sendikalar\u0131n \u00fcyeleri kat\u0131labilecektir.<\/li>\n<li>Yar\u0131\u015fmaya her yar\u0131\u015fmac\u0131 en fazla&nbsp;<strong><u>(3)<\/u><\/strong><u> \u015fiir<\/u> g\u00f6ndererek kat\u0131labilecektir. <u>Farkl\u0131 rumuzlarla ve farkl\u0131 \u015fiirlerle ayn\u0131 ki\u015fi kesinlikle kat\u0131lmayacakt\u0131r.<\/u> B\u00f6ylesi bir durumun tespiti halinde yar\u0131\u015fmac\u0131n\u0131n g\u00f6nderdi\u011fi \u015fiirler <u>de\u011ferlendirme d\u0131\u015f\u0131 b\u0131rak\u0131lacakt\u0131r. <\/u><\/li>\n<li>Yar\u0131\u015fmaya g\u00f6nderilecek \u015fiir, <u>ayn\u0131 veya ba\u015fka isimle de olsa herhangi bir yerde kesinlikle yay\u0131mlanmam\u0131\u015f<\/u> olacakt\u0131r.<\/li>\n<li>Yar\u0131\u015fmaya g\u00f6nderilecek \u015fiirlerin mutlaka <u>ba\u015fl\u0131\u011f\u0131 bulunacak<\/u> ve yar\u0131\u015fmac\u0131 <u>rumuzunu sisteme kaydedilmi\u015f olacakt\u0131r.<\/u><\/li>\n<li>Yar\u0131\u015fmac\u0131lar, <a href=\"http:\/\/www.tesyarisma.org\">tesyarisma.org<\/a> adresinden sisteme kay\u0131t olarak k\u0131sa mesaj ile onay vererek kay\u0131t olup eserlerini y\u00fckleyebilecektir. Kay\u0131t olurken eser sahibi mutlaka kendisine bir rumuz belirlemelidir. En fazla 5 (be\u015f) harf ve 3 (\u00fc\u00e7) rakamdan olu\u015fan bir rumuz kullan\u0131lacakt\u0131r. Yanl\u0131\u015f beyandan yar\u0131\u015fmac\u0131 kendisi sorumlu olacakt\u0131r.<\/li>\n<li><u>Yar\u0131\u015fmac\u0131lar, www.tesyarisma.org adresinden kay\u0131t olurken sistemde bulunan kay\u0131t k\u0131lavuzunu takip ederek KVKK metnini ve a\u00e7\u0131k r\u0131za beyan\u0131n\u0131 onaylayacaklard\u0131r. <\/u><\/li>\n<li>\u015eiirlerin ve ki\u015fisel bilgilerin yar\u0131\u015fman\u0131n son ba\u015fvuru tarihine kadar sisteme y\u00fcklenmesi gerekmektedir.<u> Son ba\u015fvuru tarihinden sonra gelen m\u00fcracaatlar de\u011ferlendirmeye al\u0131nmayacakt\u0131r. <\/u><\/li>\n<li>Yar\u0131\u015fmaya g\u00f6nderilecek \u015fiirler; <u>A4 sayfas\u0131nda <strong>en az 1, en \u00e7ok 3<\/strong> sayfa olacak ve <strong>Arial 12 punto, 1.5 sat\u0131r aral\u0131\u011f\u0131<\/strong> ile bilgisayarda<\/u> kaleme al\u0131nacakt\u0131r. Bu \u015fartlara uymayan metinler, <u>kesinlikle de\u011ferlendirmeye al\u0131nmayacakt\u0131r. <\/u><\/li>\n<li>Yar\u0131\u015fmac\u0131lar, yazd\u0131klar\u0131 \u015fiirleri ve ileti\u015fim bilgilerini <u>30 Ekim 2024 tarihi itibariyle sisteme <\/u>g\u00f6ndereceklerdir.<\/li>\n<li>Yar\u0131\u015fma sonu\u00e7lar\u0131, j\u00fcrimiz taraf\u0131ndan de\u011ferlendirildikten sonra 2024 y\u0131l\u0131n\u0131n Kas\u0131m ay\u0131 i\u00e7erisinde a\u00e7\u0131klanacakt\u0131r.<\/li>\n<li>Yar\u0131\u015fmac\u0131lar, yazd\u0131klar\u0131 <u>\u015fiirlerdeki d\u00fc\u015f\u00fcnce ve fikirlerinden sorumlu olacak, ba\u015fvuru yaparken bunu kabul etmi\u015f olacakt\u0131r. <\/u><\/li>\n<li>Yar\u0131\u015fmada dereceye giren \u015fiirler kitab\u0131n ba\u015f\u0131nda yer alacak \u015fekilde, yay\u0131nlanmas\u0131 uygun g\u00f6r\u00fclen \u015fiirler T\u00fcrk E\u011fitim-Sen taraf\u0131ndan bir kitapta ne\u015fredilecek, yar\u0131\u015fmac\u0131lara bunun i\u00e7in <u>ayr\u0131 bir telif \u00f6demesi yap\u0131lmayacakt\u0131r. <\/u><\/li>\n<li>Yar\u0131\u015fmada dereceye girenlere \u015fu \u00f6d\u00fcller verilecektir.<\/li>\n<\/ol>\n<p>&nbsp; &nbsp; &nbsp; &nbsp; Birinci <strong>50 B\u0130N TL<\/strong><\/p>\n<p>&nbsp; &nbsp; &nbsp; &nbsp; \u0130kinci <strong>30 B\u0130N TL<\/strong><\/p>\n<p>&nbsp; &nbsp; &nbsp; &nbsp;\u00dc\u00e7\u00fcnc\u00fc <strong>15 B\u0130N TL <\/strong>&nbsp;<\/p>\n<ol start=\"14\">\n<li>Yar\u0131\u015fmaya kat\u0131lacaklar, de\u011ferlendirme j\u00fcrisi ile s\u00f6zl\u00fc veya yaz\u0131l\u0131 (email, mesaj vb) hi\u00e7bir \u015fekilde irtibata ge\u00e7meyecek, <u>bunu yapan yar\u0131\u015fmac\u0131, de\u011ferlendirme d\u0131\u015f\u0131 b\u0131rak\u0131lacakt\u0131r. <\/u><\/li>\n<li>Yar\u0131\u015fmada dereceye giren yar\u0131\u015fmac\u0131lara ilerleyen bir tarihte d\u00fczenlenecek \u00f6d\u00fcl t\u00f6reni ile pl\u00e2ketleri ve \u00f6d\u00fclleri takdim edilecektir. \u00d6d\u00fcl t\u00f6reninin tarihi ve yeri sendikam\u0131z\u0131n web sayfas\u0131ndan duyurulacakt\u0131r.<\/li>\n<li>Bu yar\u0131\u015fmaya kat\u0131lacak herkes, <u>bu \u015fartnamedeki \u015fartlar\u0131 pe\u015fin olarak kabul etmi\u015f say\u0131lacakt\u0131r. <\/u><\/li>\n<\/ol>\t\t\t\t\t\t\t\t<\/div>\n\t\t\t\t<\/div>\n\t\t\t\t\t<\/div>\n\t\t<\/div>\n\t\t\t\t\t<\/div>\n\t\t<\/section>\n\t\t\t\t\t<\/div>\n\t\t<\/div>\n\t\t\t\t\t<\/div>\n\t\t<\/section>\n\t\t\t\t<section class=\"elementor-section elementor-top-section elementor-element elementor-element-1ba37f3e elementor-section-boxed elementor-section-height-default elementor-section-height-default\" data-id=\"1ba37f3e\" data-element_type=\"section\" id=\"xs_faq_5\">\n\t\t\t\t\t\t<div class=\"elementor-container elementor-column-gap-default\">\n\t\t\t\t\t<div class=\"elementor-column elementor-col-100 elementor-top-column elementor-element elementor-element-15695f72\" data-id=\"15695f72\" data-element_type=\"column\">\n\t\t\t<div class=\"elementor-widget-wrap elementor-element-populated\">\n\t\t\t\t\t\t<div class=\"elementor-element elementor-element-489b4f1a elementor-widget elementor-widget-elementskit-heading\" data-id=\"489b4f1a\" data-element_type=\"widget\" data-widget_type=\"elementskit-heading.default\">\n\t\t\t\t<div class=\"elementor-widget-container\">\n\t\t\t\t\t<div class=\"ekit-wid-con\" ><div class=\"ekit-heading elementskit-section-title-wraper center   ekit_heading_tablet-   ekit_heading_mobile-\"><h2 class=\"ekit-heading--title elementskit-section-title \">J\u00fcri \u00dcyeleri<\/h2><div class=\"ekit_heading_separetor_wraper ekit_heading_elementskit-border-divider\"><div class=\"elementskit-border-divider\"><\/div><\/div><\/div><\/div>\t\t\t\t<\/div>\n\t\t\t\t<\/div>\n\t\t\t\t<section class=\"elementor-section elementor-inner-section elementor-element elementor-element-62f49116 elementor-section-boxed elementor-section-height-default elementor-section-height-default\" data-id=\"62f49116\" data-element_type=\"section\">\n\t\t\t\t\t\t<div class=\"elementor-container elementor-column-gap-default\">\n\t\t\t\t\t<div class=\"elementor-column elementor-col-50 elementor-inner-column elementor-element elementor-element-24f1c1cb\" data-id=\"24f1c1cb\" data-element_type=\"column\">\n\t\t\t<div class=\"elementor-widget-wrap elementor-element-populated\">\n\t\t\t\t\t\t<div class=\"elementor-element elementor-element-67557882 elementor-widget elementor-widget-elementskit-faq\" data-id=\"67557882\" data-element_type=\"widget\" data-widget_type=\"elementskit-faq.default\">\n\t\t\t\t<div class=\"elementor-widget-container\">\n\t\t\t\t\t<div class=\"ekit-wid-con\" >\n                <div class=\"elementskit-single-faq elementor-repeater-item-ccb3fc9\">\n            <div class=\"elementskit-faq-header\">\n                <h2 class=\"elementskit-faq-title\">Prof. Dr. Fatih SAKALLI <\/h2>\n            <\/div>\n            <div class=\"elementskit-faq-body\">\n                 Ankara Hac\u0131 Bayram Veli \u00dcniversitesi            <\/div>\n        <\/div>\n                <div class=\"elementskit-single-faq elementor-repeater-item-1219655\">\n            <div class=\"elementskit-faq-header\">\n                <h2 class=\"elementskit-faq-title\">Prof. Dr. Seyfullah YILDIRIM<\/h2>\n            <\/div>\n            <div class=\"elementskit-faq-body\">\n                Gazi \u00dcniversitesi            <\/div>\n        <\/div>\n                <div class=\"elementskit-single-faq elementor-repeater-item-31ebcfd\">\n            <div class=\"elementskit-faq-header\">\n                <h2 class=\"elementskit-faq-title\">Prof. Dr. Y\u0131lmaz YE\u015e\u0130L <\/h2>\n            <\/div>\n            <div class=\"elementskit-faq-body\">\n                Gazi \u00dcniversitesi             <\/div>\n        <\/div>\n                \n    <\/div>\t\t\t\t<\/div>\n\t\t\t\t<\/div>\n\t\t\t\t\t<\/div>\n\t\t<\/div>\n\t\t\t\t<div class=\"elementor-column elementor-col-50 elementor-inner-column elementor-element elementor-element-40456f34\" data-id=\"40456f34\" data-element_type=\"column\">\n\t\t\t<div class=\"elementor-widget-wrap elementor-element-populated\">\n\t\t\t\t\t\t<div class=\"elementor-element elementor-element-4dfea91 elementor-widget elementor-widget-elementskit-faq\" data-id=\"4dfea91\" data-element_type=\"widget\" data-widget_type=\"elementskit-faq.default\">\n\t\t\t\t<div class=\"elementor-widget-container\">\n\t\t\t\t\t<div class=\"ekit-wid-con\" >\n                <div class=\"elementskit-single-faq elementor-repeater-item-e12c595\">\n            <div class=\"elementskit-faq-header\">\n                <h2 class=\"elementskit-faq-title\">Prof. Dr. Mustafa ARSLAN<\/h2>\n            <\/div>\n            <div class=\"elementskit-faq-body\">\n                Ankara Y\u0131ld\u0131r\u0131m Beyaz\u0131t \u00dcniversitesi            <\/div>\n        <\/div>\n                <div class=\"elementskit-single-faq elementor-repeater-item-cdef488\">\n            <div class=\"elementskit-faq-header\">\n                <h2 class=\"elementskit-faq-title\">Yahya AKENG\u0130N <\/h2>\n            <\/div>\n            <div class=\"elementskit-faq-body\">\n                T\u00fcrk D\u00fcnyas\u0131 Yazarlar ve Sanat\u00e7\u0131lar Vakf\u0131 Ba\u015fkan\u0131            <\/div>\n        <\/div>\n                \n    <\/div>\t\t\t\t<\/div>\n\t\t\t\t<\/div>\n\t\t\t\t\t<\/div>\n\t\t<\/div>\n\t\t\t\t\t<\/div>\n\t\t<\/section>\n\t\t\t\t\t<\/div>\n\t\t<\/div>\n\t\t\t\t\t<\/div>\n\t\t<\/section>\n\t\t\t\t<section class=\"elementor-section elementor-top-section elementor-element elementor-element-344eb9f8 elementor-section-boxed elementor-section-height-default elementor-section-height-default\" data-id=\"344eb9f8\" data-element_type=\"section\" data-settings=\"{&quot;background_background&quot;:&quot;classic&quot;}\">\n\t\t\t\t\t\t\t<div class=\"elementor-background-overlay\"><\/div>\n\t\t\t\t\t\t\t<div class=\"elementor-container elementor-column-gap-default\">\n\t\t\t\t\t<div class=\"elementor-column elementor-col-100 elementor-top-column elementor-element elementor-element-6e05a93c\" data-id=\"6e05a93c\" data-element_type=\"column\">\n\t\t\t<div class=\"elementor-widget-wrap elementor-element-populated\">\n\t\t\t\t\t<div class=\"elementor-background-overlay\"><\/div>\n\t\t\t\t\t\t<section class=\"elementor-section elementor-inner-section elementor-element elementor-element-26e7a55f elementor-section-boxed elementor-section-height-default elementor-section-height-default\" data-id=\"26e7a55f\" data-element_type=\"section\">\n\t\t\t\t\t\t<div class=\"elementor-container elementor-column-gap-default\">\n\t\t\t\t\t<div class=\"elementor-column elementor-col-100 elementor-inner-column elementor-element elementor-element-5686b9de\" data-id=\"5686b9de\" data-element_type=\"column\">\n\t\t\t<div class=\"elementor-widget-wrap elementor-element-populated\">\n\t\t\t\t\t\t<div class=\"elementor-element elementor-element-47682c84 elementor-widget elementor-widget-heading\" data-id=\"47682c84\" data-element_type=\"widget\" data-widget_type=\"heading.default\">\n\t\t\t\t<div class=\"elementor-widget-container\">\n\t\t\t\t\t<h5 class=\"elementor-heading-title elementor-size-default\">\u0130LET\u0130\u015e\u0130M<\/h5>\t\t\t\t<\/div>\n\t\t\t\t<\/div>\n\t\t\t\t<div class=\"elementor-element elementor-element-24feb5c elementor-widget elementor-widget-text-editor\" data-id=\"24feb5c\" data-element_type=\"widget\" data-widget_type=\"text-editor.default\">\n\t\t\t\t<div class=\"elementor-widget-container\">\n\t\t\t\t\t\t\t\t\t<p>T\u00fcrk E\u011fitim-Sen Genel Merkez \u0130leti\u015fim Bilgileri<br \/>Adres: Erzurum Mahallesi Talatpa\u015fa Bulvar\u0131 No:160 Kat:6 Cebeci\/ANKARA<br \/>Telefon : 0 312 4240960 (8 Hat)<br \/>Belgege\u00e7er : 0 312 4240968<br \/>E-Posta : iletisim@turkegitimsen.org.tr tesyarisma2021@gmail.com<\/p>\t\t\t\t\t\t\t\t<\/div>\n\t\t\t\t<\/div>\n\t\t\t\t<div class=\"elementor-element elementor-element-29cd8d99 elementor-widget-divider--view-line elementor-widget elementor-widget-divider\" data-id=\"29cd8d99\" data-element_type=\"widget\" data-widget_type=\"divider.default\">\n\t\t\t\t<div class=\"elementor-widget-container\">\n\t\t\t\t\t\t\t<div class=\"elementor-divider\">\n\t\t\t<span class=\"elementor-divider-separator\">\n\t\t\t\t\t\t<\/span>\n\t\t<\/div>\n\t\t\t\t\t\t<\/div>\n\t\t\t\t<\/div>\n\t\t\t\t\t<\/div>\n\t\t<\/div>\n\t\t\t\t\t<\/div>\n\t\t<\/section>\n\t\t\t\t\t<\/div>\n\t\t<\/div>\n\t\t\t\t\t<\/div>\n\t\t<\/section>\n\t\t\t\t<\/div>\n\t\t","protected":false},"excerpt":{"rendered":"<p>MEHMET EM\u0130N YURDAKUL\u2019UN VEFATININ 80. YILI ANISINA G\u00d6NL\u00dcMDEK\u0130 T\u00dcRK ASRI \u015e\u0130\u0130R YARI\u015eMASI YARI\u015eMAYA KATILIM Yar\u0131\u015fman\u0131n Amac\u0131 Milli \u015fiirimizin \u00f6nemli ismi Mehmet Emin Yurdakul\u2019u hat\u0131rlamak ve dima\u011flarda ya\u015fatman\u0131n yan\u0131nda &#8220;G\u00f6nl\u00fcmdeki T\u00fcrk Asr\u0131&#8221; \u015fiir yar\u0131\u015fmas\u0131n\u0131n temel amac\u0131, T\u00fcrk milletinin gelece\u011fe y\u00f6nelik hayallerini ve heyecanlar\u0131n\u0131 ifade ederek, T\u00fcrk Asr\u0131 ve T\u00fcrkiye Y\u00fczy\u0131l\u0131 ideallerine duyulan inanc\u0131 canl\u0131 tutmakt\u0131r. Bu [&hellip;]<\/p>\n","protected":false},"author":1,"featured_media":0,"parent":0,"menu_order":0,"comment_status":"closed","ping_status":"closed","template":"","meta":{"footnotes":""},"class_list":["post-7","page","type-page","status-publish","hentry"],"_links":{"self":[{"href":"https:\/\/tesyarisma.org\/2024\/2\/wp-json\/wp\/v2\/pages\/7","targetHints":{"allow":["GET"]}}],"collection":[{"href":"https:\/\/tesyarisma.org\/2024\/2\/wp-json\/wp\/v2\/pages"}],"about":[{"href":"https:\/\/tesyarisma.org\/2024\/2\/wp-json\/wp\/v2\/types\/page"}],"author":[{"embeddable":true,"href":"https:\/\/tesyarisma.org\/2024\/2\/wp-json\/wp\/v2\/users\/1"}],"replies":[{"embeddable":true,"href":"https:\/\/tesyarisma.org\/2024\/2\/wp-json\/wp\/v2\/comments?post=7"}],"version-history":[{"count":75,"href":"https:\/\/tesyarisma.org\/2024\/2\/wp-json\/wp\/v2\/pages\/7\/revisions"}],"predecessor-version":[{"id":159,"href":"https:\/\/tesyarisma.org\/2024\/2\/wp-json\/wp\/v2\/pages\/7\/revisions\/159"}],"wp:attachment":[{"href":"https:\/\/tesyarisma.org\/2024\/2\/wp-json\/wp\/v2\/media?parent=7"}],"curies":[{"name":"wp","href":"https:\/\/api.w.org\/{rel}","templated":true}]}}